{"id":62101,"date":"2021-12-16T14:16:04","date_gmt":"2021-12-16T14:16:04","guid":{"rendered":"https:\/\/www.myala.it\/pdv\/"},"modified":"2021-12-16T14:16:06","modified_gmt":"2021-12-16T14:16:06","slug":"pdv","status":"publish","type":"page","link":"https:\/\/www.myala.it\/fr\/pdv\/","title":{"rendered":"PDV"},"content":{"rendered":"<p>[vc_row bg_type=&#8221;image&#8221; parallax_style=&#8221;vcpb-vz-jquery&#8221; bg_image_new=&#8221;id^57116|url^https:\/\/www.myala.it\/wp\/wp-content\/uploads\/2021\/03\/header-pos.jpg|caption^null|alt^null|title^header-pos|description^null&#8221; bg_image_repeat=&#8221;no-repeat&#8221; bg_override=&#8221;full&#8221; enable_overlay=&#8221;enable_overlay_value&#8221; overlay_color=&#8221;rgba(0,0,0,0.5)&#8221; overlay_pattern=&#8221;transperant&#8221; overlay_pattern_opacity=&#8221;25&#8243; margin_top=&#8221;-50&#8243; type=&#8221;vc_default&#8221; css=&#8221;.vc_custom_1617094194959{padding-top: 12% !important;padding-bottom: 12% !important;background-color: #000000 !important;}&#8221;][vc_column offset=&#8221;vc_col-lg-offset-0 vc_col-lg-12 vc_col-md-offset-0 vc_col-md-12 vc_col-sm-offset-0 vc_col-xs-12&#8243; css=&#8221;.vc_custom_1476043981108{margin-top: 10px !important;margin-bottom: 10px !important;}&#8221;]<div id=\"ultimate-heading-940169eb92d227e3c\" class=\"uvc-heading ult-adjust-bottom-margin ultimate-heading-940169eb92d227e3c uvc-6636 accent-border-color\" data-hspacer=\"line_only\"  data-halign=\"center\" style=\"text-align:center\"><div class=\"uvc-main-heading ult-responsive\"  data-ultimate-target='.uvc-heading.ultimate-heading-940169eb92d227e3c h2'  data-responsive-json-new='{\"font-size\":\"desktop:50px;mobile_landscape:38px;mobile:30px;\",\"line-height\":\"desktop:60px;mobile_landscape:48px;mobile:40px;\"}' ><h2 style=\"font-weight:bold;color:#ffffff;margin-bottom:15px;\">PDV<\/h2><\/div><div class=\"uvc-heading-spacer line_only\" style=\"topheight:3px;\"><span class=\"uvc-headings-line\" style=\"border-style:solid;border-bottom-width:3px;border-color:#ccc;width:150px;\"><\/span><\/div><\/div>[\/vc_column][\/vc_row][vc_row][vc_column][vc_single_image image=&#8221;61326&#8243; img_size=&#8221;full&#8221; alignment=&#8221;center&#8221;][\/vc_column][\/vc_row][vc_row][vc_column][vc_custom_heading text=&#8221;Transfert d&#8217;argent gratuit entre les applications en mode P2P.&#8221; font_container=&#8221;tag:h2|text_align:center&#8221; google_fonts=&#8221;font_family:Montserrat%3Aregular%2C700|font_style:700%20bold%20regular%3A700%3Anormal&#8221;][vc_custom_heading text=&#8221;Offrez \u00e0 vos clients plus de services et de recharges, des op\u00e9rateurs mobiles \u00e0 PlayStation et XboxLive, tout cela depuis votre pos. Vous constaterez une augmentation des entr\u00e9es en magasin et du chiffre d&#8217;affaires relatif.<br \/>\nET CE N&#8217;EST PAS TOUT.<br \/>\nAvec nos bornes, m\u00eame depuis votre Distributeur Automatique, votre client peut effectuer en toute autonomie une recharge t\u00e9l\u00e9phonique valable pour tous les op\u00e9rateurs dans le monde et\/ou acheter des services. Il sera bient\u00f4t possible de r\u00e9gler les factures postales via l&#8217;application.&#8221; font_container=&#8221;tag:h6|text_align:center&#8221; google_fonts=&#8221;font_family:Montserrat%3Aregular%2C700|font_style:400%20regular%3A400%3Anormal&#8221;][\/vc_column][\/vc_row][vc_row full_width=&#8221;stretch_row&#8221; css=&#8221;.vc_custom_1579787931826{margin-top: 70px !important;margin-bottom: 80px !important;background-color: #f2f2f2 !important;}&#8221;][vc_column width=&#8221;1\/3&#8243;][vc_single_image image=&#8221;61338&#8243; img_size=&#8221;full&#8221;][vc_custom_heading text=&#8221;Appareils de point de vente&#8221; font_container=&#8221;tag:h5|text_align:center|color:%23000000&#8243; google_fonts=&#8221;font_family:Montserrat%3Aregular%2C700|font_style:700%20bold%20regular%3A700%3Anormal&#8221;][vc_column_text]Bien plus que des terminaux de point de vente.<br \/>\nSimple d&#8217;utilisation, il offre un processus de paiement plus efficace. Fournit un moyen plus efficace d&#8217;interagir avec les clients.[\/vc_column_text][\/vc_column][vc_column width=&#8221;1\/3&#8243;][vc_single_image image=&#8221;61350&#8243; img_size=&#8221;full&#8221;][vc_custom_heading text=&#8221;compte de point de vente&#8221; font_container=&#8221;tag:h5|text_align:center|color:%23000000&#8243; google_fonts=&#8221;font_family:Montserrat%3Aregular%2C700|font_style:700%20bold%20regular%3A700%3Anormal&#8221;][vc_column_text]Compte de monnaie \u00e9lectronique gratuit \u00e0 vie pour tous les canaux.<br \/>\nVentes en magasin, achats en ligne, paiements mobiles et virements bancaires organis\u00e9s dans une seule solution.[\/vc_column_text][\/vc_column][vc_column width=&#8221;1\/3&#8243;][vc_single_image image=&#8221;61362&#8243; img_size=&#8221;full&#8221;][vc_custom_heading text=&#8221;PDV en ligne&#8221; font_container=&#8221;tag:h5|text_align:center|color:%23000000&#8243; google_fonts=&#8221;font_family:Montserrat%3Aregular%2C700|font_style:700%20bold%20regular%3A700%3Anormal&#8221;][vc_column_text]Vous pouvez facilement demander de l&#8217;argent de partout dans le monde. SiriOpos Online permet aux entreprises d&#8217;accepter des paiements sur leurs sites Web, applications mobiles, par e-mail et par t\u00e9l\u00e9phone.[\/vc_column_text][\/vc_column][\/vc_row][vc_row][vc_column][vc_row_inner css=&#8221;.vc_custom_1551793568869{margin-bottom: 50px !important;}&#8221;][vc_column_inner][vc_custom_heading text=&#8221;L&#8217;avenir des paiements est l\u00e0, avec POS&#8221; font_container=&#8221;tag:h2|text_align:center&#8221; google_fonts=&#8221;font_family:Montserrat%3Aregular%2C700|font_style:700%20bold%20regular%3A700%3Anormal&#8221;][vc_custom_heading text=&#8221;D\u00e9veloppez votre entreprise avec une large gamme d&#8217;appareils intelligents et de services \u00e0 valeur ajout\u00e9e.&#8221; font_container=&#8221;tag:h6|text_align:center&#8221; google_fonts=&#8221;font_family:Montserrat%3Aregular%2C700|font_style:400%20regular%3A400%3Anormal&#8221;][\/vc_column_inner][\/vc_row_inner][vc_row_inner gap=&#8221;35&#8243; css=&#8221;.vc_custom_1543486919777{margin-bottom: 50px !important;}&#8221;][vc_column_inner width=&#8221;1\/4&#8243;][vc_single_image image=&#8221;61374&#8243; img_size=&#8221;full&#8221; alignment=&#8221;center&#8221;][\/vc_column_inner][vc_column_inner width=&#8221;1\/4&#8243;][vc_custom_heading text=&#8221;Appareils de point de vente&#8221; font_container=&#8221;tag:h5|text_align:left|color:%23000000&#8243; google_fonts=&#8221;font_family:Montserrat%3Aregular%2C700|font_style:700%20bold%20regular%3A700%3Anormal&#8221;][vc_column_text]Noir et blanc.<\/p>\n<p>Petit oui, mais jamais aussi s\u00e9duisant ! Discret, mais fiable. Appareil de point de vente compact et sans papier, suffisamment petit pour tenir confortablement dans votre poche.<\/p>\n<p>Bluetooth 4.0 \/ Wi-Fi \/ Carte SIM<\/p>\n<h4>129,00 EUR (hors TVA)<\/h4>\n<p>[\/vc_column_text][\/vc_column_inner][vc_column_inner width=&#8221;1\/4&#8243;][vc_single_image image=&#8221;61386&#8243; img_size=&#8221;full&#8221; alignment=&#8221;center&#8221;][\/vc_column_inner][vc_column_inner width=&#8221;1\/4&#8243;][vc_custom_heading text=&#8221;Pos One Plus&#8221; font_container=&#8221;tag:h5|text_align:left|color:%23000000&#8243; google_fonts=&#8221;font_family:Montserrat%3Aregular%2C700|font_style:700%20bold%20regular%3A700%3Anormal&#8221;][vc_column_text]Blanc.<\/p>\n<p>\u00c9l\u00e9gant!! Dispositif de point de vente sans papier au design \u00e9l\u00e9gant avec \u00e9cran tactile et design blanc brillant.<\/p>\n<p>Bluetooth 4.0 \/ Wi-Fi \/ Carte SIM<\/p>\n<h4>189,00 EUR (hors TVA)<\/h4>\n<p>[\/vc_column_text][\/vc_column_inner][\/vc_row_inner][vc_row_inner gap=&#8221;35&#8243; css=&#8221;.vc_custom_1543486919777{margin-bottom: 50px !important;}&#8221;][vc_column_inner width=&#8221;1\/4&#8243;][vc_single_image image=&#8221;61398&#8243; img_size=&#8221;full&#8221; alignment=&#8221;center&#8221;][\/vc_column_inner][vc_column_inner width=&#8221;1\/4&#8243;][vc_custom_heading text=&#8221;Pos XL&#8221; font_container=&#8221;tag:h5|text_align:left|color:%23000000&#8243; google_fonts=&#8221;font_family:Montserrat%3Aregular%2C700|font_style:700%20bold%20regular%3A700%3Anormal&#8221;][vc_column_text]Noir et bleu.<\/p>\n<p>D\u00e9tendez-vous, gardons les traditions ! Un appareil de point de vente fiable avec une imprimante de re\u00e7us et une batterie longue dur\u00e9e.<\/p>\n<p>Bluetooth 4.0 \/ Wi-Fi \/ Carte SIM<\/p>\n<h4>249,00 EUR (hors TVA)<\/h4>\n<p>[\/vc_column_text][\/vc_column_inner][vc_column_inner width=&#8221;1\/4&#8243;][vc_single_image image=&#8221;61410&#8243; img_size=&#8221;full&#8221; alignment=&#8221;center&#8221;][\/vc_column_inner][vc_column_inner width=&#8221;1\/4&#8243;][vc_custom_heading text=&#8221;Pos tactile&#8221; font_container=&#8221;tag:h5|text_align:left|color:%23000000&#8243; google_fonts=&#8221;font_family:Montserrat%3Aregular%2C700|font_style:700%20bold%20regular%3A700%3Anormal&#8221;][vc_column_text]Blanc.<\/p>\n<p>L&#8217;App Market plonge dans les paiements POS. SirioPOS Smart est un appareil de point de vente dot\u00e9 de la technologie Android, \u00e9quip\u00e9 d&#8217;une double cam\u00e9ra et d&#8217;une interface intuitive avec laquelle exp\u00e9rimenter les paiements de point de vente et les applications commerciales de mani\u00e8re innovante.<\/p>\n<p>Bluetooth 4.0 \/ Wi-Fi \/ Carte SIM<\/p>\n<h4>349,00 EUR (hors TVA)<\/h4>\n<p>[\/vc_column_text][\/vc_column_inner][\/vc_row_inner][vc_row_inner gap=&#8221;35&#8243; css=&#8221;.vc_custom_1543486919777{margin-bottom: 50px !important;}&#8221;][vc_column_inner width=&#8221;1\/4&#8243;][vc_single_image image=&#8221;61422&#8243; img_size=&#8221;full&#8221; alignment=&#8221;center&#8221;][\/vc_column_inner][vc_column_inner width=&#8221;1\/4&#8243;][vc_custom_heading text=&#8221;Pos Touch Plus&#8221; font_container=&#8221;tag:h5|text_align:left|color:%23000000&#8243; google_fonts=&#8221;font_family:Montserrat%3Aregular%2C700|font_style:700%20bold%20regular%3A700%3Anormal&#8221;][vc_column_text]Blanc et rouge.<\/p>\n<p>Terminal Android de nouvelle g\u00e9n\u00e9ration pour votre entreprise. SirioPOS Smart N5 est un terminal de point de vente innovant, dot\u00e9 de la technologie Android, qui simplifie l&#8217;acceptation des paiements effectu\u00e9s avec des cartes \u00e0 puce, sans contact et \u00e0 piste magn\u00e9tique.<\/p>\n<p>Bluetooth 4.0 \/ Wi-Fi \/ Carte SIM<\/p>\n<h4>349,00 EUR (hors TVA)<\/h4>\n<p>[\/vc_column_text][\/vc_column_inner][vc_column_inner width=&#8221;1\/4&#8243;][\/vc_column_inner][vc_column_inner width=&#8221;1\/4&#8243;][\/vc_column_inner][\/vc_row_inner][vc_row_inner][vc_column_inner][vc_custom_heading text=&#8221;Avec n&#8217;importe quel appareil pos, vous obtenez :&#8221; font_container=&#8221;tag:h2|text_align:center&#8221; google_fonts=&#8221;font_family:Montserrat%3Aregular%2C700|font_style:700%20bold%20regular%3A700%3Anormal&#8221;][\/vc_column_inner][\/vc_row_inner][\/vc_column][\/vc_row][vc_row gap=&#8221;35&#8243;][vc_column width=&#8221;1\/2&#8243; css=&#8221;.vc_custom_1551794859449{background-color: #f7f7f7 !important;}&#8221;][vc_row_inner css=&#8221;.vc_custom_1551795153139{padding-top: 20px !important;padding-bottom: 20px !important;}&#8221;][vc_column_inner width=&#8221;2\/3&#8243;][vc_column_text]Compte marchand avec IBAN[\/vc_column_text][\/vc_column_inner][vc_column_inner width=&#8221;1\/3&#8243;][vc_column_text]<strong>0,00 \u20ac<\/strong>[\/vc_column_text][\/vc_column_inner][\/vc_row_inner][vc_text_separator title=&#8221;&#8221; title_align=&#8221;separator_align_left&#8221; align=&#8221;align_left&#8221; color=&#8221;custom&#8221; accent_color=&#8221;#ee543e&#8221;][vc_row_inner css=&#8221;.vc_custom_1551795153139{padding-top: 20px !important;padding-bottom: 20px !important;}&#8221;][vc_column_inner width=&#8221;2\/3&#8243;][vc_column_text]Paiements instantan\u00e9s[\/vc_column_text][\/vc_column_inner][vc_column_inner width=&#8221;1\/3&#8243;][vc_column_text]<strong>0 JOURS<\/strong>[\/vc_column_text][\/vc_column_inner][\/vc_row_inner][vc_text_separator title=&#8221;&#8221; title_align=&#8221;separator_align_left&#8221; align=&#8221;align_left&#8221; color=&#8221;custom&#8221; accent_color=&#8221;#ee543e&#8221;][vc_row_inner css=&#8221;.vc_custom_1551795153139{padding-top: 20px !important;padding-bottom: 20px !important;}&#8221;][vc_column_inner width=&#8221;2\/3&#8243;][vc_column_text]Tableau de bord et reporting[\/vc_column_text][\/vc_column_inner][vc_column_inner width=&#8221;1\/3&#8243;][vc_column_text]<strong>0,00 \u20ac<\/strong>[\/vc_column_text][\/vc_column_inner][\/vc_row_inner][\/vc_column][vc_column width=&#8221;1\/2&#8243; css=&#8221;.vc_custom_1551795270627{background-color: #f7f7f7 !important;}&#8221;][vc_row_inner css=&#8221;.vc_custom_1551795153139{padding-top: 20px !important;padding-bottom: 20px !important;}&#8221;][vc_column_inner width=&#8221;2\/3&#8243;][vc_column_text]Carte de d\u00e9bit VISA[\/vc_column_text][\/vc_column_inner][vc_column_inner width=&#8221;1\/3&#8243;][vc_column_text]<strong>0,00 \u20ac<\/strong>[\/vc_column_text][\/vc_column_inner][\/vc_row_inner][vc_text_separator title=&#8221;&#8221; title_align=&#8221;separator_align_left&#8221; align=&#8221;align_left&#8221; color=&#8221;custom&#8221; accent_color=&#8221;#ee543e&#8221;][vc_row_inner css=&#8221;.vc_custom_1551795628913{padding-top: 7px !important;padding-bottom: 7px !important;}&#8221;][vc_column_inner width=&#8221;2\/3&#8243;][vc_column_text]DONN\u00c9ES SIM POS incluses <img class=\"alignnone\" src=\"https:\/\/www.myala.it\/wp\/wp-content\/uploads\/2021\/03\/data-sim.png\">[\/vc_column_text][\/vc_column_inner][vc_column_inner width=&#8221;1\/3&#8243;][vc_column_text css=&#8221;.vc_custom_1551795537194{margin-top: 15px !important;}&#8221;]<strong>0,00 \u20ac<\/strong>[\/vc_column_text][\/vc_column_inner][\/vc_row_inner][vc_text_separator title=&#8221;&#8221; title_align=&#8221;separator_align_left&#8221; align=&#8221;align_left&#8221; color=&#8221;custom&#8221; accent_color=&#8221;#ee543e&#8221;][vc_row_inner css=&#8221;.vc_custom_1551795153139{padding-top: 20px !important;padding-bottom: 20px !important;}&#8221;][vc_column_inner width=&#8221;2\/3&#8243;][vc_column_text]Assistance par t\u00e9l\u00e9phone, e-mail et chat[\/vc_column_text][\/vc_column_inner][vc_column_inner width=&#8221;1\/3&#8243;][vc_column_text]<strong>0,00 \u20ac<\/strong>[\/vc_column_text][\/vc_column_inner][\/vc_row_inner][\/vc_column][\/vc_row][vc_row][vc_column][vc_column_text]<\/p>\n<p>* les commissions sont calcul\u00e9es en moyenne et sur la base du chiffre d&#8217;affaires annuel elles peuvent varier, mais seront d\u00e9finies au moment de l&#8217;adh\u00e9sion<\/p>\n<p>[\/vc_column_text][\/vc_column][\/vc_row][vc_row full_width=&#8221;stretch_row&#8221; css=&#8221;.vc_custom_1617095400849{margin-top: 70px !important;margin-bottom: 70px !important;padding-top: 70px !important;padding-bottom: 70px !important;background-image: url(https:\/\/www.myala.it\/wp\/wp-content\/uploads\/2021\/03\/cta-pos.jpg?id=57120) !important;background-position: center !important;background-repeat: no-repeat !important;background-size: cover !important;}&#8221;][vc_column][vc_column_text]<\/p>\n<h3 style=\"text-align: center; ;color: #FFFFFF;\">Installation en quelques minutes. Un moment pour payer. Simple \u00e0 utiliser.<\/h3>\n<p>[\/vc_column_text][vc_row_inner][vc_column_inner width=&#8221;1\/3&#8243;][vc_single_image image=&#8221;61446&#8243; img_size=&#8221;full&#8221; alignment=&#8221;center&#8221;][vc_column_text]<\/p>\n<h4 style=\"text-align: center; color: #ffffff;\">Relier<\/h4>\n<p>[\/vc_column_text][\/vc_column_inner][vc_column_inner width=&#8221;1\/3&#8243;][vc_single_image image=&#8221;61458&#8243; img_size=&#8221;full&#8221; alignment=&#8221;center&#8221;][vc_column_text]<\/p>\n<h4 style=\"text-align: center; ;color: #FFFFFF;\">Activer<\/h4>\n<p>[\/vc_column_text][\/vc_column_inner][vc_column_inner width=&#8221;1\/3&#8243;][vc_single_image image=&#8221;61470&#8243; img_size=&#8221;full&#8221; alignment=&#8221;center&#8221;][vc_column_text]<\/p>\n<h4 style=\"text-align: center; ;color: #FFFFFF;\">Paiement re\u00e7u<\/h4>\n<p>[\/vc_column_text][\/vc_column_inner][\/vc_row_inner][\/vc_column][\/vc_row][vc_row][vc_column width=&#8221;1\/2&#8243;][vc_single_image image=&#8221;61482&#8243; img_size=&#8221;full&#8221;][\/vc_column][vc_column width=&#8221;1\/2&#8243;][vc_custom_heading text=&#8221;Carte Entreprise pour un acc\u00e8s instantan\u00e9 \u00e0 vos fonds&#8221; google_fonts=&#8221;font_family:Montserrat%3Aregular%2C700|font_style:700%20bold%20regular%3A700%3Anormal&#8221; css=&#8221;.vc_custom_1579792296666{padding-top: 50px !important;padding-bottom: 50px !important;}&#8221;][vc_column_text]<\/p>\n<ul class=\"list\">\n<li>Il est GRATUIT avec chaque appareil de point de vente<\/li>\n<li>Pas de frais de service mensuels ou annuels<\/li>\n<li>Id\u00e9al pour les voyages d&#8217;affaires et pour payer les fournisseurs et les entrepreneurs<\/li>\n<li>Contr\u00f4le des d\u00e9penses professionnelles avec des limites de d\u00e9penses individuelles<\/li>\n<li>Jusqu&#8217;\u00e0 10 cartes suppl\u00e9mentaires sans frais<\/li>\n<\/ul>\n<p>[\/vc_column_text]<style type=\"text\/css\" data-type=\"the7_shortcodes-inline-css\">#default-btn-c2172d93c2e993ea91f1ccb25422ce9a.ico-right-side > i {\n  margin-right: 0px;\n  margin-left: 8px;\n}\n#default-btn-c2172d93c2e993ea91f1ccb25422ce9a > i {\n  margin-right: 8px;\n}\n#default-btn-c2172d93c2e993ea91f1ccb25422ce9a * {\n  vertical-align: middle;\n}\n<\/style><a href=\"https:\/\/www.myala.it\/wp\/myodm\/\" class=\"default-btn-shortcode dt-btn dt-btn-s link-hover-off btn-inline-left \" id=\"default-btn-c2172d93c2e993ea91f1ccb25422ce9a\" title=\"MyODM\"><span>ATTIVA SUBITO IL TUO POS<\/span><\/a>[\/vc_column][\/vc_row][vc_row css=&#8221;.vc_custom_1551797894478{margin-bottom: 70px !important;}&#8221;][vc_column width=&#8221;1\/2&#8243;][vc_custom_heading text=&#8221;Gardez votre entreprise op\u00e9rationnelle avec la TITAN 24 POS DATA Card&#8221; google_fonts=&#8221;font_family:Montserrat%3Aregular%2C700|font_style:700%20bold%20regular%3A700%3Anormal&#8221; css=&#8221;.vc_custom_1579871192918{padding-top: 50px !important;padding-bottom: 50px !important;}&#8221;][vc_column_text]Profitez de la connectivit\u00e9 24\/7\/365 dans toute l&#8217;Europe et ne sautez jamais un paiement avec DATA POS SIM, con\u00e7u exclusivement pour les appareils de point de vente.<br \/>\n[\/vc_column_text][\/vc_column][vc_column width=&#8221;1\/2&#8243;][vc_single_image image=&#8221;61494&#8243; img_size=&#8221;full&#8221; alignment=&#8221;center&#8221;][\/vc_column][\/vc_row][vc_row full_width=&#8221;stretch_row&#8221; css=&#8221;.vc_custom_1540369562282{padding-top: 60px !important;padding-bottom: 60px !important;background-color: #f7f7f7 !important;}&#8221;][vc_column width=&#8221;1\/4&#8243;][vc_custom_heading text=&#8221;Nos clients ne paient pas de frais mensuels ou annuels&#8221; font_container=&#8221;tag:h2|text_align:left|color:%23b99513&#8243; google_fonts=&#8221;font_family:Montserrat%3Aregular%2C700|font_style:700%20bold%20regular%3A700%3Anormal&#8221;][\/vc_column][vc_column width=&#8221;3\/4&#8243;][vc_column_text css=&#8221;.vc_custom_1617177317078{margin-bottom: 20px !important;}&#8221;]Notre objectif est de rendre la solution de paiement MYALA POS accessible et pratique pour les entreprises de tout type et de toute taille[\/vc_column_text]<style type=\"text\/css\" data-type=\"the7_shortcodes-inline-css\">#default-btn-c2172d93c2e993ea91f1ccb25422ce9a.ico-right-side > i {\n  margin-right: 0px;\n  margin-left: 8px;\n}\n#default-btn-c2172d93c2e993ea91f1ccb25422ce9a > i {\n  margin-right: 8px;\n}\n#default-btn-c2172d93c2e993ea91f1ccb25422ce9a * {\n  vertical-align: middle;\n}\n<\/style><a href=\"https:\/\/www.myala.it\/wp\/myodm\/\" class=\"default-btn-shortcode dt-btn dt-btn-s link-hover-off btn-inline-left \" id=\"default-btn-c2172d93c2e993ea91f1ccb25422ce9a\" title=\"MyODM\"><span>ATTIVA SUBITO IL TUO POS<\/span><\/a>[\/vc_column][\/vc_row][vc_row][vc_column][vc_column_text]<\/p>\n<h4 style=\"text-align: center;\"><em>Nous sommes partenaires de MyPos, distributeurs pour l&#8217;Italie et exclusifs de MyPos VM pour le secteur de la distribution automatique<\/em><\/h4>\n<p>[\/vc_column_text][\/vc_column][\/vc_row]<\/p>\n","protected":false},"excerpt":{"rendered":"<p>[vc_row bg_type=&#8221;image&#8221; parallax_style=&#8221;vcpb-vz-jquery&#8221; bg_image_new=&#8221;id^57116|url^https:\/\/www.myala.it\/wp\/wp-content\/uploads\/2021\/03\/header-pos.jpg|caption^null|alt^null|title^header-pos|description^null&#8221; bg_image_repeat=&#8221;no-repeat&#8221; bg_override=&#8221;full&#8221; enable_overlay=&#8221;enable_overlay_value&#8221; overlay_color=&#8221;rgba(0,0,0,0.5)&#8221; overlay_pattern=&#8221;transperant&#8221; overlay_pattern_opacity=&#8221;25&#8243; margin_top=&#8221;-50&#8243; type=&#8221;vc_default&#8221; css=&#8221;.vc_custom_1617094194959{padding-top: 12% !important;padding-bottom: 12% !important;background-color: #000000 !important;}&#8221;][vc_column offset=&#8221;vc_col-lg-offset-0 vc_col-lg-12 vc_col-md-offset-0 vc_col-md-12 vc_col-sm-offset-0 vc_col-xs-12&#8243; css=&#8221;.vc_custom_1476043981108{margin-top: 10px !important;margin-bottom: 10px !important;}&#8221;][\/vc_column][\/vc_row][vc_row][vc_column][vc_single_image image=&#8221;61326&#8243; img_size=&#8221;full&#8221; alignment=&#8221;center&#8221;][\/vc_column][\/vc_row][vc_row][vc_column][vc_custom_heading text=&#8221;Transfert d&#8217;argent gratuit entre les applications en mode P2P.&#8221; font_container=&#8221;tag:h2|text_align:center&#8221; google_fonts=&#8221;font_family:Montserrat%3Aregular%2C700|font_style:700%20bold%20regular%3A700%3Anormal&#8221;][vc_custom_heading text=&#8221;Offrez \u00e0 vos clients plus de services et de recharges, des&hellip;<\/p>\n","protected":false},"author":1,"featured_media":0,"parent":0,"menu_order":10,"comment_status":"closed","ping_status":"closed","template":"","meta":[],"_links":{"self":[{"href":"https:\/\/www.myala.it\/fr\/wp-json\/wp\/v2\/pages\/62101"}],"collection":[{"href":"https:\/\/www.myala.it\/fr\/wp-json\/wp\/v2\/pages"}],"about":[{"href":"https:\/\/www.myala.it\/fr\/wp-json\/wp\/v2\/types\/page"}],"author":[{"embeddable":true,"href":"https:\/\/www.myala.it\/fr\/wp-json\/wp\/v2\/users\/1"}],"replies":[{"embeddable":true,"href":"https:\/\/www.myala.it\/fr\/wp-json\/wp\/v2\/comments?post=62101"}],"version-history":[{"count":2,"href":"https:\/\/www.myala.it\/fr\/wp-json\/wp\/v2\/pages\/62101\/revisions"}],"predecessor-version":[{"id":62106,"href":"https:\/\/www.myala.it\/fr\/wp-json\/wp\/v2\/pages\/62101\/revisions\/62106"}],"wp:attachment":[{"href":"https:\/\/www.myala.it\/fr\/wp-json\/wp\/v2\/media?parent=62101"}],"curies":[{"name":"wp","href":"https:\/\/api.w.org\/{rel}","templated":true}]}}