{"id":62088,"date":"2021-12-16T14:11:56","date_gmt":"2021-12-16T14:11:56","guid":{"rendered":"https:\/\/www.myala.it\/infinitypay\/"},"modified":"2021-12-16T14:11:57","modified_gmt":"2021-12-16T14:11:57","slug":"infinitypay","status":"publish","type":"page","link":"https:\/\/www.myala.it\/fr\/infinitypay\/","title":{"rendered":"InfinityPay"},"content":{"rendered":"<p>[vc_row bg_type=&#8221;image&#8221; parallax_style=&#8221;vcpb-vz-jquery&#8221; bg_image_new=&#8221;id^57032|url^https:\/\/www.myala.it\/wp\/wp-content\/uploads\/2021\/03\/header-app-mypay.jpg|caption^null|alt^null|title^header-app-mypay|description^null&#8221; bg_image_repeat=&#8221;no-repeat&#8221; bg_override=&#8221;full&#8221; enable_overlay=&#8221;enable_overlay_value&#8221; overlay_color=&#8221;rgba(0,0,0,0.5)&#8221; overlay_pattern=&#8221;transperant&#8221; overlay_pattern_opacity=&#8221;25&#8243; margin_top=&#8221;-50&#8243; type=&#8221;vc_default&#8221; css=&#8221;.vc_custom_1617009290833{padding-top: 12% !important;padding-bottom: 12% !important;background-color: #000000 !important;}&#8221;][vc_column offset=&#8221;vc_col-lg-offset-0 vc_col-lg-12 vc_col-md-offset-0 vc_col-md-12 vc_col-sm-offset-0 vc_col-xs-12&#8243; css=&#8221;.vc_custom_1476043981108{margin-top: 10px !important;margin-bottom: 10px !important;}&#8221;]<div id=\"ultimate-heading-82669eb9265193ba\" class=\"uvc-heading ult-adjust-bottom-margin ultimate-heading-82669eb9265193ba uvc-4360 accent-border-color\" data-hspacer=\"line_only\"  data-halign=\"center\" style=\"text-align:center\"><div class=\"uvc-main-heading ult-responsive\"  data-ultimate-target='.uvc-heading.ultimate-heading-82669eb9265193ba h2'  data-responsive-json-new='{\"font-size\":\"desktop:50px;mobile_landscape:38px;mobile:30px;\",\"line-height\":\"desktop:60px;mobile_landscape:48px;mobile:40px;\"}' ><h2 style=\"font-weight:bold;color:#ffffff;margin-bottom:15px;\">InfinityPay<\/h2><\/div><div class=\"uvc-heading-spacer line_only\" style=\"topheight:3px;\"><span class=\"uvc-headings-line\" style=\"border-style:solid;border-bottom-width:3px;border-color:#ccc;width:150px;\"><\/span><\/div><\/div>[\/vc_column][\/vc_row][vc_row equal_height=&#8221;yes&#8221; content_placement=&#8221;middle&#8221; margin_top=&#8221;5&#8243; margin_bottom=&#8221;10&#8243; type=&#8221;vc_default&#8221; css=&#8221;.vc_custom_1617796804751{margin-bottom: 40px !important;padding-top: 70px !important;padding-bottom: 0px !important;}&#8221;][vc_column offset=&#8221;vc_col-lg-6 vc_col-md-6 vc_col-xs-12&#8243; css=&#8221;.vc_custom_1476026676448{padding-bottom: 50px !important;}&#8221;]<div id=\"ultimate-heading-188469eb92651941d\" class=\"uvc-heading ult-adjust-bottom-margin ultimate-heading-188469eb92651941d uvc-248 color-title uvc-heading-default-font-sizes\" data-hspacer=\"no_spacer\"  data-halign=\"left\" style=\"text-align:left\"><div class=\"uvc-heading-spacer no_spacer\" style=\"top\"><\/div><div class=\"uvc-main-heading ult-responsive\"  data-ultimate-target='.uvc-heading.ultimate-heading-188469eb92651941d h2'  data-responsive-json-new='{\"font-size\":\"\",\"line-height\":\"\"}' ><h2 style=\"font-weight:bold;margin-bottom:5px;\">InfinityPay<\/h2><\/div><div class=\"uvc-sub-heading ult-responsive\"  data-ultimate-target='.uvc-heading.ultimate-heading-188469eb92651941d .uvc-sub-heading '  data-responsive-json-new='{\"font-size\":\"desktop:20px;\",\"line-height\":\"desktop:30px;\"}'  style=\"font-weight:bold;margin-bottom:30px;\">l&#8217;interface innovante pour int\u00e9grer le paiement via app dans vos distributeurs automatiques<\/div><\/div>[vc_column_text css=&#8221;.vc_custom_1617808295470{padding-top: 30px !important;}&#8221;]<strong>InfinityPay est compatible avec tous les distributeurs automatiques (de tout genre et type) et tous les syst\u00e8mes de paiement.<\/strong><br \/>\n<em>Compatible uniquement avec l&#8217;application MyPay<\/em><\/p>\n<p>Int\u00e9grez un portefeuille propri\u00e9taire avec la possibilit\u00e9 d&#8217;effectuer un paiement unique (\u00e9galement via \uf8ffpay) ou de recharger votre portefeuille.<br \/>\nInfinityPay et MyPay sont intelligents, ils \u00e9liminent efficacement le code op\u00e9rateur, vous donnant la possibilit\u00e9 d&#8217;acqu\u00e9rir de nouveaux clients et d&#8217;envoyer des promotions cibl\u00e9es en fonction des habitudes !<br \/>\nTout client disposant de l&#8217;application MyPay peut acheter o\u00f9 il veut, notre portefeuille sera en mesure d&#8217;attribuer le montant au bon gestionnaire et h\u00f4te.<br \/>\nAssez avec les cl\u00e9s \u00e9lectroniques obsol\u00e8tes, int\u00e9grez InfinityPay \u00e0 vos distributeurs<\/p>\n<p>InfinityPay sera disponible \u00e0 partir de juillet mais ne manquez pas l&#8217;opportunit\u00e9 aujourd&#8217;hui de l&#8217;acheter au prix de lancement.<br \/>\nLes 200 premi\u00e8res pi\u00e8ces (jusqu&#8217;\u00e0 \u00e9puisement des stocks) au prix de 100 \u20ac + TVA<br \/>\nInfinityPay et MyPay ont des frais mensuels de 3 \u20ac pour chaque appareil activ\u00e9.[\/vc_column_text][vc_column_text css=&#8221;.vc_custom_1617808547977{padding-top: 30px !important;}&#8221;]<strong>InfinityPay a les caract\u00e9ristiques suivantes :<\/strong><\/p>\n<p>Protocole de communication:<\/p>\n<ul>\n<li>ex\u00e9cutif<\/li>\n<li>BMD<\/li>\n<li>CcTalk<\/li>\n<li>USB<\/li>\n<\/ul>\n<p>Les mesures:<br \/>\nL:9cm<br \/>\nA: 5cm<br \/>\nP:2cm[\/vc_column_text]<style type=\"text\/css\" data-type=\"the7_shortcodes-inline-css\">#default-btn-3312c2a15699b94a8ca0285e135cdb2b.ico-right-side > i {\n  margin-right: 0px;\n  margin-left: 8px;\n}\n#default-btn-3312c2a15699b94a8ca0285e135cdb2b > i {\n  margin-right: 8px;\n}\n#default-btn-3312c2a15699b94a8ca0285e135cdb2b * {\n  vertical-align: middle;\n}\n<\/style><a href=\"https:\/\/www.myala.it\/app-mypay\/acquista-infinitypay\/\" class=\"default-btn-shortcode dt-btn dt-btn-l link-hover-off btn-inline-left \" id=\"default-btn-3312c2a15699b94a8ca0285e135cdb2b\" title=\"MyControl\"><span>Acquista InfinityPay<\/span><\/a>[\/vc_column][vc_column offset=&#8221;vc_col-lg-6 vc_col-md-6 vc_col-xs-12&#8243; css=&#8221;.vc_custom_1617009047750{padding-bottom: 0px !important;}&#8221;][vc_single_image image=&#8221;61974&#8243; img_size=&#8221;full&#8221; css=&#8221;.vc_custom_1617796780943{margin-bottom: 0px !important;padding-bottom: 0px !important;}&#8221;][\/vc_column][\/vc_row]<\/p>\n","protected":false},"excerpt":{"rendered":"<p>[vc_row bg_type=&#8221;image&#8221; parallax_style=&#8221;vcpb-vz-jquery&#8221; bg_image_new=&#8221;id^57032|url^https:\/\/www.myala.it\/wp\/wp-content\/uploads\/2021\/03\/header-app-mypay.jpg|caption^null|alt^null|title^header-app-mypay|description^null&#8221; bg_image_repeat=&#8221;no-repeat&#8221; bg_override=&#8221;full&#8221; enable_overlay=&#8221;enable_overlay_value&#8221; overlay_color=&#8221;rgba(0,0,0,0.5)&#8221; overlay_pattern=&#8221;transperant&#8221; overlay_pattern_opacity=&#8221;25&#8243; margin_top=&#8221;-50&#8243; type=&#8221;vc_default&#8221; css=&#8221;.vc_custom_1617009290833{padding-top: 12% !important;padding-bottom: 12% !important;background-color: #000000 !important;}&#8221;][vc_column offset=&#8221;vc_col-lg-offset-0 vc_col-lg-12 vc_col-md-offset-0 vc_col-md-12 vc_col-sm-offset-0 vc_col-xs-12&#8243; css=&#8221;.vc_custom_1476043981108{margin-top: 10px !important;margin-bottom: 10px !important;}&#8221;][\/vc_column][\/vc_row][vc_row equal_height=&#8221;yes&#8221; content_placement=&#8221;middle&#8221; margin_top=&#8221;5&#8243; margin_bottom=&#8221;10&#8243; type=&#8221;vc_default&#8221; css=&#8221;.vc_custom_1617796804751{margin-bottom: 40px !important;padding-top: 70px !important;padding-bottom: 0px !important;}&#8221;][vc_column offset=&#8221;vc_col-lg-6 vc_col-md-6 vc_col-xs-12&#8243; css=&#8221;.vc_custom_1476026676448{padding-bottom: 50px !important;}&#8221;][vc_column_text css=&#8221;.vc_custom_1617808295470{padding-top: 30px !important;}&#8221;]InfinityPay est compatible avec tous&hellip;<\/p>\n","protected":false},"author":1,"featured_media":0,"parent":0,"menu_order":10,"comment_status":"closed","ping_status":"closed","template":"","meta":[],"_links":{"self":[{"href":"https:\/\/www.myala.it\/fr\/wp-json\/wp\/v2\/pages\/62088"}],"collection":[{"href":"https:\/\/www.myala.it\/fr\/wp-json\/wp\/v2\/pages"}],"about":[{"href":"https:\/\/www.myala.it\/fr\/wp-json\/wp\/v2\/types\/page"}],"author":[{"embeddable":true,"href":"https:\/\/www.myala.it\/fr\/wp-json\/wp\/v2\/users\/1"}],"replies":[{"embeddable":true,"href":"https:\/\/www.myala.it\/fr\/wp-json\/wp\/v2\/comments?post=62088"}],"version-history":[{"count":3,"href":"https:\/\/www.myala.it\/fr\/wp-json\/wp\/v2\/pages\/62088\/revisions"}],"predecessor-version":[{"id":62091,"href":"https:\/\/www.myala.it\/fr\/wp-json\/wp\/v2\/pages\/62088\/revisions\/62091"}],"wp:attachment":[{"href":"https:\/\/www.myala.it\/fr\/wp-json\/wp\/v2\/media?parent=62088"}],"curies":[{"name":"wp","href":"https:\/\/api.w.org\/{rel}","templated":true}]}}